{"id":2363,"date":"2026-04-11T18:51:41","date_gmt":"2026-04-11T18:51:41","guid":{"rendered":"https:\/\/tourstepoztlan.com.mx\/site\/?post_type=product&#038;p=2363"},"modified":"2026-04-11T18:51:41","modified_gmt":"2026-04-11T18:51:41","slug":"ven-y-vive-una-experiencia-apicola-abejas","status":"publish","type":"product","link":"https:\/\/tourstepoztlan.com.mx\/site\/producto\/ven-y-vive-una-experiencia-apicola-abejas\/","title":{"rendered":"Ven y vive una experiencia Ap\u00edcola (Abejas)"},"content":{"rendered":"<p>La apicultura en el Estado de Morelos es una actividad de alto valor social y econ\u00f3mico en este recorrido podr\u00e1s conocer el mundo de las abejas de cerca mediante una visita guiada al apiario, en la cual se te proporcionar\u00e1 un traje protector podr\u00e1s disfrutar de una degustaci\u00f3n de los diferentes productos que son elaborados a base de la miel que ah\u00ed se extrae .podr\u00e1s escuchar una platica educativa sobre el ciclo de vida de las abejas y la importancia de ellas en nuestro planeta vamos a visitar los colmenares vamos a vivir la experiencia de la extracci\u00f3n de miel.<\/p>\n","protected":false},"excerpt":{"rendered":"<p>Ven y vive una de nuestras experiencias comunitarias en el pueblo de San Andr\u00e9s de la cal en Tepoztl\u00e1n Morelos.<\/p>\n","protected":false},"featured_media":2360,"comment_status":"open","ping_status":"closed","template":"","meta":{"_acf_changed":false},"product_brand":[],"product_cat":[46],"product_tag":[],"class_list":{"0":"post-2363","1":"product","2":"type-product","3":"status-publish","4":"has-post-thumbnail","6":"product_cat-turismo-comunitario","8":"first","9":"instock","10":"virtual","11":"purchasable","12":"product-type-simple"},"acf":[],"_links":{"self":[{"href":"https:\/\/tourstepoztlan.com.mx\/site\/wp-json\/wp\/v2\/product\/2363","targetHints":{"allow":["GET"]}}],"collection":[{"href":"https:\/\/tourstepoztlan.com.mx\/site\/wp-json\/wp\/v2\/product"}],"about":[{"href":"https:\/\/tourstepoztlan.com.mx\/site\/wp-json\/wp\/v2\/types\/product"}],"replies":[{"embeddable":true,"href":"https:\/\/tourstepoztlan.com.mx\/site\/wp-json\/wp\/v2\/comments?post=2363"}],"wp:featuredmedia":[{"embeddable":true,"href":"https:\/\/tourstepoztlan.com.mx\/site\/wp-json\/wp\/v2\/media\/2360"}],"wp:attachment":[{"href":"https:\/\/tourstepoztlan.com.mx\/site\/wp-json\/wp\/v2\/media?parent=2363"}],"wp:term":[{"taxonomy":"product_brand","embeddable":true,"href":"https:\/\/tourstepoztlan.com.mx\/site\/wp-json\/wp\/v2\/product_brand?post=2363"},{"taxonomy":"product_cat","embeddable":true,"href":"https:\/\/tourstepoztlan.com.mx\/site\/wp-json\/wp\/v2\/product_cat?post=2363"},{"taxonomy":"product_tag","embeddable":true,"href":"https:\/\/tourstepoztlan.com.mx\/site\/wp-json\/wp\/v2\/product_tag?post=2363"}],"curies":[{"name":"wp","href":"https:\/\/api.w.org\/{rel}","templated":true}]}}