{"id":2254,"date":"2026-02-06T00:46:35","date_gmt":"2026-02-06T00:46:35","guid":{"rendered":"https:\/\/tourstepoztlan.com.mx\/site\/?post_type=product&#038;p=2254"},"modified":"2026-02-06T00:46:36","modified_gmt":"2026-02-06T00:46:36","slug":"via-ferrata","status":"publish","type":"product","link":"https:\/\/tourstepoztlan.com.mx\/site\/producto\/via-ferrata\/","title":{"rendered":"Via ferrata \u200b"},"content":{"rendered":"<p>En nuestro pa\u00eds solo existen 3 v\u00edas ferrata, pero la de Morelos es la \u00fanica enclavada en un paisaje completamente distinto ya que est\u00e1 en dentro de una comunidad Ind\u00edgena y con un clima muy distinto al que cualquier persona que ha viajado a Morelos imaginario una zona de bosque y humedad donde es necesario traer una buena chamarra por el clima tan distinto al que la mayor\u00eda de las personas conoce de este estado.<\/p>\n<div class=\"elementor-element elementor-element-4f1736b elementor-widget elementor-widget-heading\" data-id=\"4f1736b\" data-element_type=\"widget\" data-widget_type=\"heading.default\">\n<h2 class=\"elementor-heading-title elementor-size-default\">Incluye:<\/h2>\n<\/div>\n<div class=\"elementor-element elementor-element-d2ffdaa elementor-widget elementor-widget-text-editor\" data-id=\"d2ffdaa\" data-element_type=\"widget\" data-widget_type=\"text-editor.default\">\n<p>Recorrido descripcio\u0301n y actividad\u00a0 antes mencionada<br \/>\nOtras condiciones, consultarlas con la Operadora Turi\u0301stica Tepoztla\u0301n<\/p>\n<\/div>\n<div class=\"elementor-element elementor-element-01d11f0 e-con-full e-flex e-con e-child\" data-id=\"01d11f0\" data-element_type=\"container\">\n<div class=\"elementor-element elementor-element-297d0c1 elementor-widget__width-initial elementor-position-top elementor-widget elementor-widget-image-box\" data-id=\"297d0c1\" data-element_type=\"widget\" data-widget_type=\"image-box.default\">\n<div class=\"elementor-image-box-wrapper\">\n<figure class=\"elementor-image-box-img\"><\/figure>\n<div class=\"elementor-image-box-content\">\n<ul>\n<li class=\"elementor-image-box-title\">Tirolesa<\/li>\n<li class=\"elementor-image-box-title\"><span style=\"font-size: 16px;\">Casco de protecci\u00f3n<\/span><\/li>\n<li class=\"elementor-image-box-title\">Hidrataci\u00f3n durante el recorrido<\/li>\n<li class=\"elementor-image-box-title\">Incluye seguro en caso de incidentes<\/li>\n<li class=\"elementor-image-box-title\">Incluye gu\u00eda especializado<\/li>\n<li class=\"elementor-image-box-title\">Transportaci\u00f3n local<\/li>\n<li class=\"elementor-image-box-title\">Comida tradicional de Hueyapan (trucha o cecina)<\/li>\n<\/ul>\n<\/div>\n<\/div>\n<\/div>\n<\/div>\n","protected":false},"excerpt":{"rendered":"<p>Vive la emocionante experiencia de recorrer el Valle de Tepoztl\u00e1n en bicicleta, una de las atracciones tur\u00edsticas de este maravilloso pueblo m\u00e1gico.<\/p>\n","protected":false},"featured_media":2147,"comment_status":"open","ping_status":"closed","template":"","meta":{"_acf_changed":false},"product_brand":[],"product_cat":[38],"product_tag":[35],"class_list":{"0":"post-2254","1":"product","2":"type-product","3":"status-publish","4":"has-post-thumbnail","6":"product_cat-experiencias-en-morelos","7":"product_tag-tirolesa","9":"first","10":"instock","11":"virtual","12":"purchasable","13":"product-type-simple"},"acf":[],"_links":{"self":[{"href":"https:\/\/tourstepoztlan.com.mx\/site\/wp-json\/wp\/v2\/product\/2254","targetHints":{"allow":["GET"]}}],"collection":[{"href":"https:\/\/tourstepoztlan.com.mx\/site\/wp-json\/wp\/v2\/product"}],"about":[{"href":"https:\/\/tourstepoztlan.com.mx\/site\/wp-json\/wp\/v2\/types\/product"}],"replies":[{"embeddable":true,"href":"https:\/\/tourstepoztlan.com.mx\/site\/wp-json\/wp\/v2\/comments?post=2254"}],"wp:featuredmedia":[{"embeddable":true,"href":"https:\/\/tourstepoztlan.com.mx\/site\/wp-json\/wp\/v2\/media\/2147"}],"wp:attachment":[{"href":"https:\/\/tourstepoztlan.com.mx\/site\/wp-json\/wp\/v2\/media?parent=2254"}],"wp:term":[{"taxonomy":"product_brand","embeddable":true,"href":"https:\/\/tourstepoztlan.com.mx\/site\/wp-json\/wp\/v2\/product_brand?post=2254"},{"taxonomy":"product_cat","embeddable":true,"href":"https:\/\/tourstepoztlan.com.mx\/site\/wp-json\/wp\/v2\/product_cat?post=2254"},{"taxonomy":"product_tag","embeddable":true,"href":"https:\/\/tourstepoztlan.com.mx\/site\/wp-json\/wp\/v2\/product_tag?post=2254"}],"curies":[{"name":"wp","href":"https:\/\/api.w.org\/{rel}","templated":true}]}}