{"id":2127,"date":"2026-02-05T03:31:49","date_gmt":"2026-02-05T03:31:49","guid":{"rendered":"https:\/\/tourstepoztlan.com.mx\/site\/?post_type=product&#038;p=2127"},"modified":"2026-02-05T03:31:49","modified_gmt":"2026-02-05T03:31:49","slug":"zona-arqueologica-de-xochicalco","status":"publish","type":"product","link":"https:\/\/tourstepoztlan.com.mx\/site\/producto\/zona-arqueologica-de-xochicalco\/","title":{"rendered":"Zona Arqueol\u00f3gica de Xochicalco"},"content":{"rendered":"<p>En la cima de varios cerros cercanos al pueblo de Miacatl\u00e1n, a 38 km al suroeste de Cuernavaca, se ubica esta zona arqueol\u00f3gica, evidencia de la existencia de una cultura representante del Epicl\u00e1sico (700-900 d. C.). Tuvo su apogeo entre la ca\u00edda de Teotihuac\u00e1n y el surgimiento de Tula.<\/p>\n<p>Las sociedades que se desenvolvieron a lo largo del Epicl\u00e1sico compartieron una caracter\u00edstica fundamental: fueron sociedades militares y competitivas cuyos principios ideol\u00f3gicos y organizativos pueden considerarse antecedentes de las culturas que les sucedieron, la tolteca y la mexica.<\/p>\n<div class=\"elementor-element elementor-element-fc2e57d elementor-widget elementor-widget-heading\" data-id=\"fc2e57d\" data-element_type=\"widget\" data-widget_type=\"heading.default\">\n<h2 class=\"elementor-heading-title elementor-size-default\">Incluye:<\/h2>\n<\/div>\n<div class=\"elementor-element elementor-element-54e3a41 elementor-widget elementor-widget-text-editor\" data-id=\"54e3a41\" data-element_type=\"widget\" data-widget_type=\"text-editor.default\">\n<p>Recorrido descripcio\u0301n y actividad\u00a0 antes mencionada<br \/>\nOtras condiciones, consultarlas con la Operadora Turi\u0301stica Tepoztla\u0301n<\/p>\n<\/div>\n<div class=\"elementor-element elementor-element-e4bdda9 e-con-full e-flex e-con e-child\" data-id=\"e4bdda9\" data-element_type=\"container\">\n<div class=\"elementor-element elementor-element-8398c46 elementor-widget__width-initial elementor-position-top elementor-widget elementor-widget-image-box\" data-id=\"8398c46\" data-element_type=\"widget\" data-widget_type=\"image-box.default\">\n<div class=\"elementor-image-box-wrapper\">\n<figure class=\"elementor-image-box-img\"><\/figure>\n<div class=\"elementor-image-box-content\">\n<ul>\n<li class=\"elementor-image-box-title\">Entradas a la Zona Arqueol\u00f3gica<\/li>\n<li class=\"elementor-image-box-title\">Comida en el Restaurante los Manguitos<\/li>\n<li class=\"elementor-image-box-title\">Hidrataci\u00f3n durante el recorrido<\/li>\n<li class=\"elementor-image-box-title\">Incluye seguro en caso de incidentes<\/li>\n<li class=\"elementor-image-box-title\">Incluye gu\u00eda especializado<\/li>\n<li class=\"elementor-image-box-title\">Transporte desde Tepoztl\u00e1n<\/li>\n<li class=\"elementor-image-box-title\">Nieve en Alpuyeca<\/li>\n<\/ul>\n<\/div>\n<\/div>\n<\/div>\n<\/div>\n","protected":false},"excerpt":{"rendered":"<p>\u201cEn el lugar de la casa de las flores\u201d. As\u00ed fue nombrado Xochicalco por los pobladores de habla n\u00e1huatl que conocieron esta impresionante ciudad prehisp\u00e1nica ya abandonada.<\/p>\n","protected":false},"featured_media":1122,"comment_status":"open","ping_status":"closed","template":"","meta":{"_acf_changed":false},"product_brand":[],"product_cat":[38],"product_tag":[44],"class_list":{"0":"post-2127","1":"product","2":"type-product","3":"status-publish","4":"has-post-thumbnail","6":"product_cat-experiencias-en-morelos","7":"product_tag-xochicalco","9":"first","10":"instock","11":"virtual","12":"purchasable","13":"product-type-simple"},"acf":[],"_links":{"self":[{"href":"https:\/\/tourstepoztlan.com.mx\/site\/wp-json\/wp\/v2\/product\/2127","targetHints":{"allow":["GET"]}}],"collection":[{"href":"https:\/\/tourstepoztlan.com.mx\/site\/wp-json\/wp\/v2\/product"}],"about":[{"href":"https:\/\/tourstepoztlan.com.mx\/site\/wp-json\/wp\/v2\/types\/product"}],"replies":[{"embeddable":true,"href":"https:\/\/tourstepoztlan.com.mx\/site\/wp-json\/wp\/v2\/comments?post=2127"}],"wp:featuredmedia":[{"embeddable":true,"href":"https:\/\/tourstepoztlan.com.mx\/site\/wp-json\/wp\/v2\/media\/1122"}],"wp:attachment":[{"href":"https:\/\/tourstepoztlan.com.mx\/site\/wp-json\/wp\/v2\/media?parent=2127"}],"wp:term":[{"taxonomy":"product_brand","embeddable":true,"href":"https:\/\/tourstepoztlan.com.mx\/site\/wp-json\/wp\/v2\/product_brand?post=2127"},{"taxonomy":"product_cat","embeddable":true,"href":"https:\/\/tourstepoztlan.com.mx\/site\/wp-json\/wp\/v2\/product_cat?post=2127"},{"taxonomy":"product_tag","embeddable":true,"href":"https:\/\/tourstepoztlan.com.mx\/site\/wp-json\/wp\/v2\/product_tag?post=2127"}],"curies":[{"name":"wp","href":"https:\/\/api.w.org\/{rel}","templated":true}]}}