{"id":2126,"date":"2026-02-05T03:28:16","date_gmt":"2026-02-05T03:28:16","guid":{"rendered":"https:\/\/tourstepoztlan.com.mx\/site\/?post_type=product&#038;p=2126"},"modified":"2026-02-05T03:28:16","modified_gmt":"2026-02-05T03:28:16","slug":"chalcatzingo","status":"publish","type":"product","link":"https:\/\/tourstepoztlan.com.mx\/site\/producto\/chalcatzingo\/","title":{"rendered":"Chalcatzingo"},"content":{"rendered":"<p>Ubicado entre imponentes cerros, Chalcatzingo es una zona arqueol\u00f3gica \u00fanica en Morelos por sus monumentales petrograbados. Su nombre significa \u201clugar de los chalcas\u201d y destaca por ser uno de los pocos sitios olmecas al centro de M\u00e9xico. Aqu\u00ed, enormes bloques de piedra fueron tallados con s\u00edmbolos que muestran figuras humanas, felinos y escenas rituales.<\/p>\n<p>El m\u00e1s famoso, \u201cEl Rey\u201d, representa a una figura sentada en un trono que sale de una cueva, s\u00edmbolo del inframundo. Chalcatzingo es un lugar en el que el arte rupestre, la arquitectura y el paisaje se entrelazan de forma majestuosa.<\/p>\n<p>El sitio cuenta con dos plazas ceremoniales, altares y plataformas. Fue habitado entre los a\u00f1os 700 a.C. y 500 d.C., y su influencia se extendi\u00f3 hacia otras regiones. Visitarlo es sumergirse en un espacio donde la piedra cuenta historias antiguas, y la tierra conserva su vibraci\u00f3n espiritual. Chalcatzingo no solo se ve, se escucha y se siente en cada paso.<\/p>\n<div class=\"elementor-element elementor-element-5ca9e78 elementor-widget elementor-widget-heading\" data-id=\"5ca9e78\" data-element_type=\"widget\" data-widget_type=\"heading.default\">\n<h2 class=\"elementor-heading-title elementor-size-default\">Incluye:<\/h2>\n<\/div>\n<div class=\"elementor-element elementor-element-ef027cc elementor-widget elementor-widget-text-editor\" data-id=\"ef027cc\" data-element_type=\"widget\" data-widget_type=\"text-editor.default\">\n<p>Recorrido descripcio\u0301n y actividad\u00a0 antes mencionada<br \/>\nOtras condiciones, consultarlas con la Operadora Turi\u0301stica Tepoztla\u0301n<\/p>\n<\/div>\n<div class=\"elementor-element elementor-element-0bfc317 e-con-full e-flex e-con e-child\" data-id=\"0bfc317\" data-element_type=\"container\">\n<div class=\"elementor-element elementor-element-e84c7a1 elementor-widget__width-initial elementor-position-top elementor-widget elementor-widget-image-box\" data-id=\"e84c7a1\" data-element_type=\"widget\" data-widget_type=\"image-box.default\">\n<div class=\"elementor-image-box-wrapper\">\n<figure class=\"elementor-image-box-img\"><\/figure>\n<div class=\"elementor-image-box-content\">\n<ul>\n<li class=\"elementor-image-box-title\">Entradas a la Zona Arqueol\u00f3gica<\/li>\n<li class=\"elementor-image-box-title\">Hidrataci\u00f3n durante el recorrido<\/li>\n<li class=\"elementor-image-box-title\">Incluye seguro en caso de incidentes<\/li>\n<li class=\"elementor-image-box-title\">Incluye gu\u00eda especializado<\/li>\n<li class=\"elementor-image-box-title\">Transporte desde Tepoztl\u00e1n<\/li>\n<li class=\"elementor-image-box-title\">Actividades en los lugares cercanos<\/li>\n<li class=\"elementor-image-box-title\">Comida en el Centro Ecotur\u00edstico Piedra Rajada.<\/li>\n<\/ul>\n<\/div>\n<\/div>\n<\/div>\n<\/div>\n","protected":false},"excerpt":{"rendered":"<p>No te quedes con las ganas, vive Zacualpan en todo su esplendor. Zacualpan tradicional es una mezcla de experiencias en gastronom\u00eda, cultura e historia<\/p>\n","protected":false},"featured_media":1191,"comment_status":"open","ping_status":"closed","template":"","meta":{"_acf_changed":false},"product_brand":[],"product_cat":[38],"product_tag":[43],"class_list":{"0":"post-2126","1":"product","2":"type-product","3":"status-publish","4":"has-post-thumbnail","6":"product_cat-experiencias-en-morelos","7":"product_tag-chalcatzingo","9":"first","10":"instock","11":"virtual","12":"purchasable","13":"product-type-simple"},"acf":[],"_links":{"self":[{"href":"https:\/\/tourstepoztlan.com.mx\/site\/wp-json\/wp\/v2\/product\/2126","targetHints":{"allow":["GET"]}}],"collection":[{"href":"https:\/\/tourstepoztlan.com.mx\/site\/wp-json\/wp\/v2\/product"}],"about":[{"href":"https:\/\/tourstepoztlan.com.mx\/site\/wp-json\/wp\/v2\/types\/product"}],"replies":[{"embeddable":true,"href":"https:\/\/tourstepoztlan.com.mx\/site\/wp-json\/wp\/v2\/comments?post=2126"}],"wp:featuredmedia":[{"embeddable":true,"href":"https:\/\/tourstepoztlan.com.mx\/site\/wp-json\/wp\/v2\/media\/1191"}],"wp:attachment":[{"href":"https:\/\/tourstepoztlan.com.mx\/site\/wp-json\/wp\/v2\/media?parent=2126"}],"wp:term":[{"taxonomy":"product_brand","embeddable":true,"href":"https:\/\/tourstepoztlan.com.mx\/site\/wp-json\/wp\/v2\/product_brand?post=2126"},{"taxonomy":"product_cat","embeddable":true,"href":"https:\/\/tourstepoztlan.com.mx\/site\/wp-json\/wp\/v2\/product_cat?post=2126"},{"taxonomy":"product_tag","embeddable":true,"href":"https:\/\/tourstepoztlan.com.mx\/site\/wp-json\/wp\/v2\/product_tag?post=2126"}],"curies":[{"name":"wp","href":"https:\/\/api.w.org\/{rel}","templated":true}]}}