{"id":2120,"date":"2026-02-05T03:05:09","date_gmt":"2026-02-05T03:05:09","guid":{"rendered":"https:\/\/tourstepoztlan.com.mx\/site\/?post_type=product&#038;p=2120"},"modified":"2026-02-05T03:07:36","modified_gmt":"2026-02-05T03:07:36","slug":"recorrido-por-jiutepec","status":"publish","type":"product","link":"https:\/\/tourstepoztlan.com.mx\/site\/producto\/recorrido-por-jiutepec\/","title":{"rendered":"Recorrido por Jiutepec"},"content":{"rendered":"<p>El nombre de\u00a0<strong>Jiutepec<\/strong>\u00a0viene de la lengua n\u00e1huatl y significa<strong>\u00a0\u201cEn el cerro de las piedras preciosas\u201d.<\/strong>\u00a0En este recorrido te daremos los puntos m\u00e1s importantes para conocer Jiutepec, uno de los municipios de Morelos m\u00e1s poblados y que alberga a la\u00a0<strong>Ciudad Industrial del Valle de Cuernavaca<\/strong>\u00a0conocida como\u00a0<strong>CIVAC,<\/strong>\u00a0donde las m\u00e1s importantes industrias y empresas entre las que se encuentran farmac\u00e9uticas y de autom\u00f3viles,\u00a0est\u00e1n ubicadas aqu\u00ed.<\/p>\n<p>&nbsp;<\/p>\n<div class=\"elementor-element elementor-element-b02b7ba elementor-widget elementor-widget-heading\" data-id=\"b02b7ba\" data-element_type=\"widget\" data-widget_type=\"heading.default\">\n<h2 class=\"elementor-heading-title elementor-size-default\">Incluye:<\/h2>\n<\/div>\n<div class=\"elementor-element elementor-element-4c0a8b3 elementor-widget elementor-widget-text-editor\" data-id=\"4c0a8b3\" data-element_type=\"widget\" data-widget_type=\"text-editor.default\">\n<p>Recorrido descripcio\u0301n y actividad\u00a0 antes mencionada<br \/>\nOtras condiciones, consultarlas con la Operadora Turi\u0301stica Tepoztla\u0301n<\/p>\n<\/div>\n<div class=\"elementor-element elementor-element-beb8948 e-con-full e-flex e-con e-child\" data-id=\"beb8948\" data-element_type=\"container\">\n<div class=\"elementor-element elementor-element-2eb8cdb elementor-widget__width-initial elementor-position-top elementor-widget elementor-widget-image-box\" data-id=\"2eb8cdb\" data-element_type=\"widget\" data-widget_type=\"image-box.default\">\n<div class=\"elementor-image-box-wrapper\">\n<figure class=\"elementor-image-box-img\"><\/figure>\n<div class=\"elementor-image-box-content\">\n<ul>\n<li class=\"elementor-image-box-title\">Paquete Fotogr\u00e1fico<\/li>\n<li class=\"elementor-image-box-title\">Equipo para realizar la actividad<\/li>\n<li class=\"elementor-image-box-title\">Hidrataci\u00f3n durante el recorrido<\/li>\n<li class=\"elementor-image-box-title\">Incluye seguro en caso de incidentes<\/li>\n<li class=\"elementor-image-box-title\">Incluye gu\u00eda especializado<\/li>\n<li class=\"elementor-image-box-title\">Transporte local<\/li>\n<li class=\"elementor-image-box-title\">Circuito antes mencionado<\/li>\n<\/ul>\n<\/div>\n<\/div>\n<\/div>\n<\/div>\n","protected":false},"excerpt":{"rendered":"<p>El nombre de Jiutepec viene de la lengua n\u00e1huatl y significa \u201cEn el cerro de las piedras preciosas\u201d.<\/p>\n","protected":false},"featured_media":1747,"comment_status":"open","ping_status":"closed","template":"","meta":{"_acf_changed":false},"product_brand":[],"product_cat":[38],"product_tag":[40],"class_list":{"0":"post-2120","1":"product","2":"type-product","3":"status-publish","4":"has-post-thumbnail","6":"product_cat-experiencias-en-morelos","7":"product_tag-recorridos","9":"first","10":"instock","11":"virtual","12":"purchasable","13":"product-type-simple"},"acf":[],"_links":{"self":[{"href":"https:\/\/tourstepoztlan.com.mx\/site\/wp-json\/wp\/v2\/product\/2120","targetHints":{"allow":["GET"]}}],"collection":[{"href":"https:\/\/tourstepoztlan.com.mx\/site\/wp-json\/wp\/v2\/product"}],"about":[{"href":"https:\/\/tourstepoztlan.com.mx\/site\/wp-json\/wp\/v2\/types\/product"}],"replies":[{"embeddable":true,"href":"https:\/\/tourstepoztlan.com.mx\/site\/wp-json\/wp\/v2\/comments?post=2120"}],"wp:featuredmedia":[{"embeddable":true,"href":"https:\/\/tourstepoztlan.com.mx\/site\/wp-json\/wp\/v2\/media\/1747"}],"wp:attachment":[{"href":"https:\/\/tourstepoztlan.com.mx\/site\/wp-json\/wp\/v2\/media?parent=2120"}],"wp:term":[{"taxonomy":"product_brand","embeddable":true,"href":"https:\/\/tourstepoztlan.com.mx\/site\/wp-json\/wp\/v2\/product_brand?post=2120"},{"taxonomy":"product_cat","embeddable":true,"href":"https:\/\/tourstepoztlan.com.mx\/site\/wp-json\/wp\/v2\/product_cat?post=2120"},{"taxonomy":"product_tag","embeddable":true,"href":"https:\/\/tourstepoztlan.com.mx\/site\/wp-json\/wp\/v2\/product_tag?post=2120"}],"curies":[{"name":"wp","href":"https:\/\/api.w.org\/{rel}","templated":true}]}}