{"id":2080,"date":"2026-02-05T01:41:12","date_gmt":"2026-02-05T01:41:12","guid":{"rendered":"https:\/\/tourstepoztlan.com.mx\/site\/?post_type=product&#038;p=2080"},"modified":"2026-02-05T01:41:12","modified_gmt":"2026-02-05T01:41:12","slug":"equinoccio-de-primavera","status":"publish","type":"product","link":"https:\/\/tourstepoztlan.com.mx\/site\/producto\/equinoccio-de-primavera\/","title":{"rendered":"Equinoccio de Primavera"},"content":{"rendered":"<p>Recibir el equinoccio de primavera cada a\u00f1o en Tepoztl\u00e1n, es motivo de congregaci\u00f3n de cientos de visitantes alrededor del 20 de marzo.<\/p>\n<p>Ascender a la Zona Arqueol\u00f3gica del Tepozteco y vivir este suceso en un sitio, considerado sagrado, es una experiencia inolvidable que te cargar\u00e1 de energ\u00eda.<\/p>\n<p>Disfruta de un recorrido lleno de magia y misticismo, ascendiendo a la cima de este hermoso lugar lleno de magia donde podr\u00e1s deleitarte con maravillosos paisajes naturales y vivir instantes inolvidables en pareja, grupos de familia y amigos.<\/p>\n<div class=\"elementor-element elementor-element-14557e6 elementor-widget elementor-widget-heading\" data-id=\"14557e6\" data-element_type=\"widget\" data-widget_type=\"heading.default\">\n<h2 class=\"elementor-heading-title elementor-size-default\">Incluye:<\/h2>\n<\/div>\n<div class=\"elementor-element elementor-element-26aad7d elementor-widget elementor-widget-text-editor\" data-id=\"26aad7d\" data-element_type=\"widget\" data-widget_type=\"text-editor.default\">\n<p>Recorrido descripcio\u0301n y actividad\u00a0 antes mencionada<br \/>\nOtras condiciones, consultarlas con la Operadora Turi\u0301stica Tepoztla\u0301n<\/p>\n<\/div>\n<div class=\"elementor-element elementor-element-2d9e164 e-con-full e-flex e-con e-child\" data-id=\"2d9e164\" data-element_type=\"container\">\n<div class=\"elementor-element elementor-element-6959d94 elementor-widget__width-initial elementor-position-top elementor-widget elementor-widget-image-box\" data-id=\"6959d94\" data-element_type=\"widget\" data-widget_type=\"image-box.default\">\n<div class=\"elementor-image-box-wrapper\">\n<figure class=\"elementor-image-box-img\"><\/figure>\n<div class=\"elementor-image-box-content\">\n<ul>\n<li class=\"elementor-image-box-title\">Hidrataci\u00f3n durante el recorrido<\/li>\n<li class=\"elementor-image-box-title\">Incluye seguro en caso de incidentes<\/li>\n<li class=\"elementor-image-box-title\">Incluye gu\u00eda especializado<\/li>\n<li class=\"elementor-image-box-title\">Transportaci\u00f3n local<\/li>\n<\/ul>\n<\/div>\n<\/div>\n<\/div>\n<\/div>\n","protected":false},"excerpt":{"rendered":"<p>Recibir el equinoccio de primavera cada a\u00f1o en Tepoztl\u00e1n, es motivo de congregaci\u00f3n de cientos de visitantes alrededor del 20 de marzo.<\/p>\n","protected":false},"featured_media":1799,"comment_status":"open","ping_status":"closed","template":"","meta":{"_acf_changed":false},"product_brand":[],"product_cat":[27],"product_tag":[36],"class_list":{"0":"post-2080","1":"product","2":"type-product","3":"status-publish","4":"has-post-thumbnail","6":"product_cat-experiencias-en-tepoztlan","7":"product_tag-equinoccio","9":"first","10":"instock","11":"virtual","12":"purchasable","13":"product-type-simple"},"acf":[],"_links":{"self":[{"href":"https:\/\/tourstepoztlan.com.mx\/site\/wp-json\/wp\/v2\/product\/2080","targetHints":{"allow":["GET"]}}],"collection":[{"href":"https:\/\/tourstepoztlan.com.mx\/site\/wp-json\/wp\/v2\/product"}],"about":[{"href":"https:\/\/tourstepoztlan.com.mx\/site\/wp-json\/wp\/v2\/types\/product"}],"replies":[{"embeddable":true,"href":"https:\/\/tourstepoztlan.com.mx\/site\/wp-json\/wp\/v2\/comments?post=2080"}],"wp:featuredmedia":[{"embeddable":true,"href":"https:\/\/tourstepoztlan.com.mx\/site\/wp-json\/wp\/v2\/media\/1799"}],"wp:attachment":[{"href":"https:\/\/tourstepoztlan.com.mx\/site\/wp-json\/wp\/v2\/media?parent=2080"}],"wp:term":[{"taxonomy":"product_brand","embeddable":true,"href":"https:\/\/tourstepoztlan.com.mx\/site\/wp-json\/wp\/v2\/product_brand?post=2080"},{"taxonomy":"product_cat","embeddable":true,"href":"https:\/\/tourstepoztlan.com.mx\/site\/wp-json\/wp\/v2\/product_cat?post=2080"},{"taxonomy":"product_tag","embeddable":true,"href":"https:\/\/tourstepoztlan.com.mx\/site\/wp-json\/wp\/v2\/product_tag?post=2080"}],"curies":[{"name":"wp","href":"https:\/\/api.w.org\/{rel}","templated":true}]}}