{"id":2070,"date":"2026-02-04T23:34:47","date_gmt":"2026-02-04T23:34:47","guid":{"rendered":"https:\/\/tourstepoztlan.com.mx\/site\/?post_type=product&#038;p=2070"},"modified":"2026-02-04T23:35:42","modified_gmt":"2026-02-04T23:35:42","slug":"tuneles-volcanicos","status":"publish","type":"product","link":"https:\/\/tourstepoztlan.com.mx\/site\/producto\/tuneles-volcanicos\/","title":{"rendered":"T\u00faneles volc\u00e1nicos"},"content":{"rendered":"<div class=\"elementor-element elementor-element-b791d9e elementor-widget elementor-widget-heading\" data-id=\"b791d9e\" data-element_type=\"widget\" data-widget_type=\"heading.default\">\n<h2 class=\"elementor-heading-title elementor-size-default\">Espeleolog\u00eda (Volcano): Deporte, Aventura y Naturaleza\u200b<\/h2>\n<\/div>\n<div class=\"elementor-element elementor-element-358e178 elementor-widget elementor-widget-text-editor\" data-id=\"358e178\" data-element_type=\"widget\" data-widget_type=\"text-editor.default\">\n<p>Una expedici\u00f3n en t\u00faneles volc\u00e1nicos a trav\u00e9s de un circuito de 1 km de distancia, a partir de estrechos pasillos o tubos de roca volc\u00e1nica y bas\u00e1ltica, con arrastres y gusaneras (gatear), en donde podr\u00e1s apreciar cavernas de 5 a 15 metros de altura, encontrando un punto energ\u00e9tico en el subsuelo a m\u00e1s de 20 metros de profundidad, adem\u00e1s de admirar el medio natural y geomorfol\u00f3gico de las cavidades.<\/p>\n<p>\u00a1Sin duda te gustar\u00e1 vivir esta singular experiencia!<\/p>\n<div class=\"elementor-element elementor-element-7a8618a elementor-widget elementor-widget-heading\" data-id=\"7a8618a\" data-element_type=\"widget\" data-widget_type=\"heading.default\">\n<h2 class=\"elementor-heading-title elementor-size-default\">Incluye:<\/h2>\n<\/div>\n<div class=\"elementor-element elementor-element-04f019b elementor-widget elementor-widget-text-editor\" data-id=\"04f019b\" data-element_type=\"widget\" data-widget_type=\"text-editor.default\">\n<p>Recorrido descripcio\u0301n y actividad\u00a0 antes mencionada<br \/>\nOtras condiciones, consultarlas con la Operadora Turi\u0301stica Tepoztla\u0301n<\/p>\n<\/div>\n<div class=\"elementor-element elementor-element-d333035 e-con-full e-flex e-con e-child\" data-id=\"d333035\" data-element_type=\"container\">\n<div class=\"elementor-element elementor-element-6d937f7 elementor-widget__width-initial elementor-position-top elementor-widget elementor-widget-image-box\" data-id=\"6d937f7\" data-element_type=\"widget\" data-widget_type=\"image-box.default\">\n<div class=\"elementor-image-box-wrapper\">\n<figure class=\"elementor-image-box-img\"><\/figure>\n<div class=\"elementor-image-box-content\">\n<ul>\n<li class=\"elementor-image-box-title\">Linterna especial para la actividad<\/li>\n<li class=\"elementor-image-box-title\"><span style=\"font-size: 16px;\">Casco de protecci\u00f3n<\/span><\/li>\n<li class=\"elementor-image-box-title\">Hidrataci\u00f3n durante el recorrido<\/li>\n<li class=\"elementor-image-box-title\">Incluye seguro en caso de incidentes<\/li>\n<li class=\"elementor-image-box-title\">Incluye gu\u00eda especializado<\/li>\n<li class=\"elementor-image-box-title\">Transporte local<\/li>\n<li class=\"elementor-image-box-title\">Guantes para realizar la actividad<\/li>\n<\/ul>\n<\/div>\n<\/div>\n<\/div>\n<\/div>\n<\/div>\n","protected":false},"excerpt":{"rendered":"<div class=\"elementor-element elementor-element-064e5c6 elementor-widget elementor-widget-text-editor\" data-id=\"064e5c6\" data-element_type=\"widget\" data-widget_type=\"text-editor.default\">Una expedici\u00f3n en t\u00faneles volc\u00e1nicos a trav\u00e9s de un circuito de 1 km de distancia, a partir de estrechos pasillos o tubos de roca volc\u00e1nica y bas\u00e1ltica, con arrastres y gusaneras (gatear)<\/div>\n","protected":false},"featured_media":937,"comment_status":"open","ping_status":"closed","template":"","meta":{"_acf_changed":false},"product_brand":[],"product_cat":[27],"product_tag":[34],"class_list":{"0":"post-2070","1":"product","2":"type-product","3":"status-publish","4":"has-post-thumbnail","6":"product_cat-experiencias-en-tepoztlan","7":"product_tag-espeleologia","9":"first","10":"instock","11":"virtual","12":"purchasable","13":"product-type-simple"},"acf":[],"_links":{"self":[{"href":"https:\/\/tourstepoztlan.com.mx\/site\/wp-json\/wp\/v2\/product\/2070","targetHints":{"allow":["GET"]}}],"collection":[{"href":"https:\/\/tourstepoztlan.com.mx\/site\/wp-json\/wp\/v2\/product"}],"about":[{"href":"https:\/\/tourstepoztlan.com.mx\/site\/wp-json\/wp\/v2\/types\/product"}],"replies":[{"embeddable":true,"href":"https:\/\/tourstepoztlan.com.mx\/site\/wp-json\/wp\/v2\/comments?post=2070"}],"wp:featuredmedia":[{"embeddable":true,"href":"https:\/\/tourstepoztlan.com.mx\/site\/wp-json\/wp\/v2\/media\/937"}],"wp:attachment":[{"href":"https:\/\/tourstepoztlan.com.mx\/site\/wp-json\/wp\/v2\/media?parent=2070"}],"wp:term":[{"taxonomy":"product_brand","embeddable":true,"href":"https:\/\/tourstepoztlan.com.mx\/site\/wp-json\/wp\/v2\/product_brand?post=2070"},{"taxonomy":"product_cat","embeddable":true,"href":"https:\/\/tourstepoztlan.com.mx\/site\/wp-json\/wp\/v2\/product_cat?post=2070"},{"taxonomy":"product_tag","embeddable":true,"href":"https:\/\/tourstepoztlan.com.mx\/site\/wp-json\/wp\/v2\/product_tag?post=2070"}],"curies":[{"name":"wp","href":"https:\/\/api.w.org\/{rel}","templated":true}]}}