{"id":2059,"date":"2026-02-04T18:17:01","date_gmt":"2026-02-04T18:17:01","guid":{"rendered":"https:\/\/tourstepoztlan.com.mx\/site\/?post_type=product&#038;p=2059"},"modified":"2026-02-04T18:50:30","modified_gmt":"2026-02-04T18:50:30","slug":"recorrido-en-bici-por-tepoztlan","status":"publish","type":"product","link":"https:\/\/tourstepoztlan.com.mx\/site\/producto\/recorrido-en-bici-por-tepoztlan\/","title":{"rendered":"Recorrido en bici por Tepoztl\u00e1n"},"content":{"rendered":"<p>Vive la emocionante experiencia de recorrer el Valle de Tepoztl\u00e1n en bicicleta, una de las atracciones tur\u00edsticas de este maravilloso pueblo m\u00e1gico. Durante el paseo observar\u00e1s la arquitectura de algunas de las capillas y edificaciones construidas durante el siglo XVI as\u00ed como de la exuberante naturaleza de este hermoso pueblo m\u00e1gico lleno de historia cultura y tradici\u00f3n nuestros gu\u00edas aran de tu recorrido una experiencia inolvidable para ti te gustara.<\/p>\n<p>Incluye:<\/p>\n<p>Recorrido descripcio\u0301n y actividad\u00a0 antes mencionada.<br \/>\nOtras condiciones, consultarlas con la Operadora Turi\u0301stica Tepoztla\u0301n<\/p>\n<ul>\n<li>Bicicleta de monta\u00f1a<\/li>\n<li>Casco de protecci\u00f3n<\/li>\n<li class=\"elementor-image-box-title\">Hidrataci\u00f3n durante el recorrido<\/li>\n<li class=\"elementor-image-box-title\">Incluye seguro en caso de incidentes<\/li>\n<li class=\"elementor-image-box-title\">Incluye gu\u00eda especializado<\/li>\n<li class=\"elementor-image-box-title\">Transportaci\u00f3n local<\/li>\n<\/ul>\n","protected":false},"excerpt":{"rendered":"<p>Vive la emocionante experiencia de recorrer el Valle de Tepoztl\u00e1n en bicicleta, una de las atracciones tur\u00edsticas de este maravilloso pueblo m\u00e1gico.<\/p>\n","protected":false},"featured_media":662,"comment_status":"open","ping_status":"closed","template":"","meta":{"_acf_changed":false},"product_brand":[],"product_cat":[27],"product_tag":[28],"class_list":{"0":"post-2059","1":"product","2":"type-product","3":"status-publish","4":"has-post-thumbnail","6":"product_cat-experiencias-en-tepoztlan","7":"product_tag-bicicleta","9":"first","10":"instock","11":"virtual","12":"purchasable","13":"product-type-simple"},"acf":[],"_links":{"self":[{"href":"https:\/\/tourstepoztlan.com.mx\/site\/wp-json\/wp\/v2\/product\/2059","targetHints":{"allow":["GET"]}}],"collection":[{"href":"https:\/\/tourstepoztlan.com.mx\/site\/wp-json\/wp\/v2\/product"}],"about":[{"href":"https:\/\/tourstepoztlan.com.mx\/site\/wp-json\/wp\/v2\/types\/product"}],"replies":[{"embeddable":true,"href":"https:\/\/tourstepoztlan.com.mx\/site\/wp-json\/wp\/v2\/comments?post=2059"}],"wp:featuredmedia":[{"embeddable":true,"href":"https:\/\/tourstepoztlan.com.mx\/site\/wp-json\/wp\/v2\/media\/662"}],"wp:attachment":[{"href":"https:\/\/tourstepoztlan.com.mx\/site\/wp-json\/wp\/v2\/media?parent=2059"}],"wp:term":[{"taxonomy":"product_brand","embeddable":true,"href":"https:\/\/tourstepoztlan.com.mx\/site\/wp-json\/wp\/v2\/product_brand?post=2059"},{"taxonomy":"product_cat","embeddable":true,"href":"https:\/\/tourstepoztlan.com.mx\/site\/wp-json\/wp\/v2\/product_cat?post=2059"},{"taxonomy":"product_tag","embeddable":true,"href":"https:\/\/tourstepoztlan.com.mx\/site\/wp-json\/wp\/v2\/product_tag?post=2059"}],"curies":[{"name":"wp","href":"https:\/\/api.w.org\/{rel}","templated":true}]}}