{"id":775,"date":"2026-01-07T18:27:38","date_gmt":"2026-01-07T18:27:38","guid":{"rendered":"https:\/\/tourstepoztlan.com.mx\/site\/?page_id=775"},"modified":"2026-01-07T18:29:55","modified_gmt":"2026-01-07T18:29:55","slug":"terminos-y-condiciones","status":"publish","type":"page","link":"https:\/\/tourstepoztlan.com.mx\/site\/terminos-y-condiciones\/","title":{"rendered":"T\u00e9rminos y condiciones"},"content":{"rendered":"\t\t<div data-elementor-type=\"wp-page\" data-elementor-id=\"775\" class=\"elementor elementor-775\" data-elementor-post-type=\"page\">\n\t\t\t\t<div class=\"elementor-element elementor-element-d96a120 e-flex e-con-boxed e-con e-parent\" data-id=\"d96a120\" data-element_type=\"container\">\n\t\t\t\t\t<div class=\"e-con-inner\">\n\t\t\t\t<div class=\"elementor-element elementor-element-c3515ee elementor-widget elementor-widget-heading\" data-id=\"c3515ee\" data-element_type=\"widget\" data-widget_type=\"heading.default\">\n\t\t\t\t\t<h2 class=\"elementor-heading-title elementor-size-default\">T\u00e9rminos y Condiciones<\/h2>\t\t\t\t<\/div>\n\t\t\t\t\t<\/div>\n\t\t\t\t<\/div>\n\t\t<div class=\"elementor-element elementor-element-6f2bb9da e-flex e-con-boxed e-con e-parent\" data-id=\"6f2bb9da\" data-element_type=\"container\">\n\t\t\t\t\t<div class=\"e-con-inner\">\n\t\t\t\t<div class=\"elementor-element elementor-element-1622d40a elementor-widget elementor-widget-text-editor\" data-id=\"1622d40a\" data-element_type=\"widget\" data-widget_type=\"text-editor.default\">\n\t\t\t\t\t\t\t\t\t\n<p><strong>Pol\u00edticas de contrataci\u00f3n<\/strong><br \/>Para confirmar tu reservaci\u00f3n, requerimos un pre-pago como garant\u00eda, generalmente del 50%. Este monto se deducir\u00e1 del costo total. La confirmaci\u00f3n se enviar\u00e1 una vez liquidado el importe. El pago a cuenta es esencial para confirmar la reservaci\u00f3n y puede realizarse mediante dep\u00f3sito bancario.Una vez recibida la confirmaci\u00f3n del dep\u00f3sito, te enviaremos un correo electr\u00f3nico con los detalles de la reservaci\u00f3n y el importe pendiente, que deber\u00e1 abonarse a tu llegada.En el d\u00eda del tour o viaje, se considerar\u00e1 un tiempo de espera de 15 minutos para todos los visitantes como m\u00e1ximo. En caso de que ning\u00fan visitante se presente dentro de este tiempo en el punto de reuni\u00f3n establecido, el tour o viaje se dar\u00e1 por cancelado.<\/p>\n\n<p><strong>Pol\u00edticos de cancelaci\u00f3n<\/strong><br \/>Para pagos del 50% como anticipo, no habr\u00e1 reembolso en caso de cancelaci\u00f3n. Si se ha pagado el 100% del tour, se reembolsar\u00e1 el 50% si se cancela con 4 d\u00edas h\u00e1biles o m\u00e1s de anticipaci\u00f3n. No habr\u00e1 reembolso ni cambios de fecha si el cliente no se presenta el d\u00eda de la cita o llega tarde al punto de reuni\u00f3n.<\/p>\n\n<p><strong>Temporalidad<\/strong><br \/>Vigencia durante toda la semana<\/p>\n\t\t\t\t\t\t\t\t<\/div>\n\t\t\t\t\t<\/div>\n\t\t\t\t<\/div>\n\t\t\t\t<\/div>\n\t\t","protected":false},"excerpt":{"rendered":"<p>T\u00e9rminos y Condiciones Pol\u00edticas de contrataci\u00f3nPara confirmar tu reservaci\u00f3n, requerimos un pre-pago como garant\u00eda, generalmente del 50%. Este monto se deducir\u00e1 del costo total. La confirmaci\u00f3n se enviar\u00e1 una vez liquidado el importe. El pago a cuenta es esencial para confirmar la reservaci\u00f3n y puede realizarse mediante dep\u00f3sito bancario.Una vez recibida la confirmaci\u00f3n del dep\u00f3sito, [&hellip;]<\/p>\n","protected":false},"author":1,"featured_media":0,"parent":0,"menu_order":0,"comment_status":"closed","ping_status":"closed","template":"elementor_header_footer","meta":{"_acf_changed":false,"footnotes":""},"class_list":["post-775","page","type-page","status-publish","hentry"],"blocksy_meta":[],"acf":[],"_links":{"self":[{"href":"https:\/\/tourstepoztlan.com.mx\/site\/wp-json\/wp\/v2\/pages\/775","targetHints":{"allow":["GET"]}}],"collection":[{"href":"https:\/\/tourstepoztlan.com.mx\/site\/wp-json\/wp\/v2\/pages"}],"about":[{"href":"https:\/\/tourstepoztlan.com.mx\/site\/wp-json\/wp\/v2\/types\/page"}],"author":[{"embeddable":true,"href":"https:\/\/tourstepoztlan.com.mx\/site\/wp-json\/wp\/v2\/users\/1"}],"replies":[{"embeddable":true,"href":"https:\/\/tourstepoztlan.com.mx\/site\/wp-json\/wp\/v2\/comments?post=775"}],"version-history":[{"count":4,"href":"https:\/\/tourstepoztlan.com.mx\/site\/wp-json\/wp\/v2\/pages\/775\/revisions"}],"predecessor-version":[{"id":783,"href":"https:\/\/tourstepoztlan.com.mx\/site\/wp-json\/wp\/v2\/pages\/775\/revisions\/783"}],"wp:attachment":[{"href":"https:\/\/tourstepoztlan.com.mx\/site\/wp-json\/wp\/v2\/media?parent=775"}],"curies":[{"name":"wp","href":"https:\/\/api.w.org\/{rel}","templated":true}]}}